{"id":8812,"date":"2024-10-12T17:38:07","date_gmt":"2024-10-12T15:38:07","guid":{"rendered":"https:\/\/endofund.pl\/?page_id=8812"},"modified":"2026-05-07T09:02:41","modified_gmt":"2026-05-07T07:02:41","slug":"contact-us","status":"publish","type":"page","link":"https:\/\/endofund.pl\/en\/contact-us\/","title":{"rendered":"Contact us"},"content":{"rendered":"\n<div class=\"wp-block-group container mb-sm mt-0\"><div class=\"wp-block-group__inner-container is-layout-constrained wp-block-group-is-layout-constrained\">\n<h1 class=\"wp-block-heading has-text-align-center h2\">Contact us to discuss cooperation and investment details<\/h1>\n<\/div><\/div>\n\n\n\n<div class=\"wp-block-group container\"><div class=\"wp-block-group__inner-container is-layout-constrained wp-block-group-is-layout-constrained\">\n<div class=\"wp-block-columns mb-0 is-layout-flex wp-container-core-columns-is-layout-9d6595d7 wp-block-columns-is-layout-flex\">\n<div class=\"wp-block-column is-vertically-aligned-top mb-0 is-layout-flow wp-block-column-is-layout-flow\"><a class=\"anchor\" name=\"contact-form\"><\/a>\n<div id=\"contact_form-block_75b8ec87adf07cf4bc4aa00569a858a0\" class=\"container-fluid\">\n\t<div class=\"contact_form container\">\n\n\t\t\t\t\t\t\t\n\t\t\t\t<div class=\"row contact_form--container\">\n\t\t\t\t\t<div class=\"col-12 contact_form--form bg_color1\">\n\t\t\t\t\t\t<div class=\"row\">\n\t\t\t\t\t\t\t\t\t\t\t\t\t\t\t<div class=\"col-lg-12\">\n\t\t\t\t\t\t\t\t\t<div class=\"col-lg-12 contact_form--form_header\">\n\t\t\t\t\t\t\t\t\t\tLeave us a message \u2013 we will respond as soon as possible.\t\t\t\t\t\t\t\t\t<\/div>\n\t\t\t\t\t\t\t\t<\/div>\n\t\t\t\t\t\t\t\t\t\t\t\t\t\t\t\t\t\t\t\t\t\t<div class=\"col-lg-12\">\n\t\t\t\t\t\t\t\t\t<div class=\"col-lg-12 \">\n\t\t\t\t\t\t\t\t\t\n<div class=\"wpcf7 no-js\" id=\"wpcf7-f8814-o1\" lang=\"en-US\" dir=\"ltr\" data-wpcf7-id=\"8814\">\n<div class=\"screen-reader-response\"><p role=\"status\" aria-live=\"polite\" aria-atomic=\"true\"><\/p> <ul><\/ul><\/div>\n<form action=\"\/en\/wp-json\/wp\/v2\/pages\/8812#wpcf7-f8814-o1\" method=\"post\" class=\"wpcf7-form init\" aria-label=\"Contact form\" novalidate=\"novalidate\" data-status=\"init\">\n<fieldset class=\"hidden-fields-container\"><input type=\"hidden\" name=\"_wpcf7\" value=\"8814\" \/><input type=\"hidden\" name=\"_wpcf7_version\" value=\"6.1.5\" \/><input type=\"hidden\" name=\"_wpcf7_locale\" value=\"en_US\" \/><input type=\"hidden\" name=\"_wpcf7_unit_tag\" value=\"wpcf7-f8814-o1\" \/><input type=\"hidden\" name=\"_wpcf7_container_post\" value=\"0\" \/><input type=\"hidden\" name=\"_wpcf7_posted_data_hash\" value=\"\" \/>\n<\/fieldset>\n<div class=\"wpcf7-response-output\" aria-hidden=\"true\"><\/div>\n\n<label for=\"your-name\">First name*<\/label>\n<span class=\"wpcf7-form-control-wrap\" data-name=\"your-name\"><input size=\"40\" maxlength=\"400\" class=\"wpcf7-form-control wpcf7-text wpcf7-validates-as-required\" aria-required=\"true\" aria-invalid=\"false\" placeholder=\"\" value=\"\" type=\"text\" name=\"your-name\" \/><\/span>\n\n<label for=\"your-email\">Email address*<\/label>\n<span class=\"wpcf7-form-control-wrap\" data-name=\"your-email\"><input size=\"40\" maxlength=\"400\" class=\"wpcf7-form-control wpcf7-email wpcf7-validates-as-required wpcf7-text wpcf7-validates-as-email\" aria-required=\"true\" aria-invalid=\"false\" placeholder=\"\" value=\"\" type=\"email\" name=\"your-email\" \/><\/span>\n\n<label for=\"your-phone \">Phone number*<\/label>\n<span class=\"wpcf7-form-control-wrap\" data-name=\"your-phone\"><input size=\"40\" maxlength=\"400\" class=\"wpcf7-form-control wpcf7-text wpcf7-validates-as-required\" aria-required=\"true\" aria-invalid=\"false\" placeholder=\"\" value=\"\" type=\"text\" name=\"your-phone\" \/><\/span>\n\n<label for=\"your-message \">How can we help you?*<\/label>\n<span class=\"wpcf7-form-control-wrap\" data-name=\"your-message\"><textarea cols=\"40\" rows=\"5\" maxlength=\"2000\" class=\"wpcf7-form-control wpcf7-textarea wpcf7-validates-as-required\" aria-required=\"true\" aria-invalid=\"false\" placeholder=\"\" name=\"your-message\"><\/textarea><\/span>\n\n<div class=\"wpcf7-turnstile cf-turnstile\" data-sitekey=\"0x4AAAAAAB1Wtd9R-Ek_Mglt\" data-response-field-name=\"_wpcf7_turnstile_response\"><\/div>\n\n<span class=\"wpcf7-form-control-wrap\" data-name=\"your-acceptance\"><span class=\"wpcf7-form-control wpcf7-acceptance\"><span class=\"wpcf7-list-item\"><label><input type=\"checkbox\" name=\"your-acceptance\" value=\"1\" aria-invalid=\"false\" \/><span class=\"wpcf7-list-item-label\">I consent to the processing of my personal data provided in the contact form for the purpose of responding to my inquiry and continuing correspondence by electronic means.* \n\nThe data controller is EndoFund S.A. For more information, please refer to our <a target=\"_blank\" title=\"Privacy Policy\" href=\"https:\/\/endofund.pl\/en\/privacy-policy\/\">Privacy Policy<\/a>.<\/span><\/label><\/span><\/span><\/span>\n\n<p class=\"text-small\">* &#8211; Required fields<\/p>\n\n<input class=\"wpcf7-form-control wpcf7-submit has-spinner\" type=\"submit\" value=\"Send\" \/>\n<\/form>\n<\/div>\n\t\t\t\t\t\t\t\t\t<\/div>\n\t\t\t\t\t\t\t\t<\/div>\n\t\t\t\t\t\t\t\t\t\t\t\t\t<\/div>\n\t\t\t\t\t<\/div>\n\t\t\t\t<\/div>\n\t\t\t\t\n\t\t<style type=\"text\/css\">\n\n\t\t\t#contact_form-block_75b8ec87adf07cf4bc4aa00569a858a0 {\n\t\t\t\tpadding: 0;\n\t\t\t}\n\n\t\t\t\n\t\t\t\t#contact_form-block_75b8ec87adf07cf4bc4aa00569a858a0 .contact_form--form {\n\t\t\t\t\tmargin-top: 30px;\n\t\t\t\t\tpadding: 30px 60px;\n\t\t\t\t\tborder-radius: var(--border-radius-small);\n\t\t\t\t}\n\n\t\t\t\t#contact_form-block_75b8ec87adf07cf4bc4aa00569a858a0 .contact_form--container {\n\t\t\t\t\tjustify-content: center;\n\t\t\t\t\talign-items: stretch;\n\t\t\t\t}\n\n\t\t\t\t#contact_form-block_75b8ec87adf07cf4bc4aa00569a858a0 .contact_form--form .contact_form--form_header {\n\t\t\t\t\tfont-weight: 500;\n\t\t\t\t\tfont-size: 1.25rem;\n    \t\t\t\tline-height: 1.8rem;\n\t\t\t\t\tmargin-bottom: 15px;\n\t\t\t\t\ttext-align: center;\n\t\t\t\t}\n\n\t\t\t\t@media only screen and (max-width: 990px) {\n\t\t\t\t\t#contact_form-block_75b8ec87adf07cf4bc4aa00569a858a0 .contact_form--form {\n\t\t\t\t\t\tmargin-top: 0;\n\t\t\t\t\t\tmargin-bottom: var(--padding-sm);\n\t\t\t\t\t\tpadding: 15px;\n\t\t\t\t\t}\n\t\t\t\t}\n\n\t\t\t\t#contact_form-block_75b8ec87adf07cf4bc4aa00569a858a0 .contact_form--form hr {\n\t\t\t\t\tmargin: 60px 0 0 0;\n\t\t\t\t\tborder: 0;\n\t\t\t\t\tborder-top: 1px solid var(--color-gray_light);\n\t\t\t\t}\n\n\t\t\t\t#contact_form-block_75b8ec87adf07cf4bc4aa00569a858a0 .contact_form--form .contact-heading {\n\t\t\t\t\tdisplay: flex;\n\t\t\t\t\tflex-direction: row;\n\t\t\t\t\tflex-wrap: nowrap;\n\t\t\t\t\talign-items: center;\n\t\t\t\t\tmargin-top: 10px;\n\t\t\t\t\tmargin-bottom: 20px;\n\t\t\t\t\tfont-size: 1.125rem;\n\t\t\t\t\tfont-weight: 600;\n\t\t\t\t\tgap: 10px;\n\t\t\t\t}\n\n\t\t\t\t#contact_form-block_75b8ec87adf07cf4bc4aa00569a858a0 .contact_form--form .contact-heading::before {\n\t\t\t\t\tcontent: '';\n\t\t\t\t\tdisplay: block;\n\t\t\t\t\twidth: 23px;\n\t\t\t\t\theight: 23px;\n\t\t\t\t\tbackground-position: center;\n\t\t\t\t\tbackground-size: contain;\n\t\t\t\t\tbackground-repeat: no-repeat;\n\t\t\t\t}\n\n\n\t\t\t\t#contact_form-block_75b8ec87adf07cf4bc4aa00569a858a0 .contact_form--form .attributes .wpcf7-checkbox  {\n\t\t\t\t\tdisplay: flex;\n\t\t\t\t\tflex-direction: row;\n\t\t\t\t\tflex-wrap: wrap;\n\t\t\t\t}\n\n\t\t\t\t#contact_form-block_75b8ec87adf07cf4bc4aa00569a858a0 .contact_form--form input:not(input[type='submit']):not(input[type='checkbox']), #contact_form-block_75b8ec87adf07cf4bc4aa00569a858a0 textarea, #contact_form-block_75b8ec87adf07cf4bc4aa00569a858a0 .contact_form--form select {\n\t\t\t\t\tpadding: 5px 10px!important;\n\t\t\t\t\tborder: none;\n\t\t\t\t\tmargin-bottom: 15px;\n\t\t\t\t\tcolor: var(--color1);\n\t\t\t\t\tmin-height: 42px;\n\t\t\t\t}\n\n\t\t\t\t#contact_form-block_75b8ec87adf07cf4bc4aa00569a858a0 input, #contact_form-block_75b8ec87adf07cf4bc4aa00569a858a0 select, #contact_form-block_75b8ec87adf07cf4bc4aa00569a858a0 textarea {\n\t\t\t\t\twidth: 100%;\n\t\t\t\t\tbackground: var(--color-neutral-100);\n\t\t\t\t}\n\n\t\t\t\t#contact_form-block_75b8ec87adf07cf4bc4aa00569a858a0 .contact_form--form select {\n\t\t\t\t\tcolor: rgba(0, 0, 0, .6)!important;\n\t\t\t\t}\n\n\t\t\t\t#contact_form-block_75b8ec87adf07cf4bc4aa00569a858a0 .contact_form--form .wpcf7-checkbox {\n\t\t\t\t\tdisplay: flex;\n\t\t\t\t\talign-items: center;\n\t\t\t\t\tmargin-bottom: 15px;\n\t\t\t\t\tgap: 20px;\n\t\t\t\t}\n\n\t\t\t\t#contact_form-block_75b8ec87adf07cf4bc4aa00569a858a0 .contact_form--form .wpcf7-checkbox input[type='checkbox'] {\n\t\t\t\t\tmargin-right: 10px;\n\t\t\t\t\ttransform: scale(1.2);\n\t\t\t\t}\n\n\t\t\t\t#contact_form-block_75b8ec87adf07cf4bc4aa00569a858a0 .contact_form--form input[type='submit'] {\n\t\t\t\t\tdisplay: block;\n\t\t\t\t\tbackground: var(--color-neutral-100)!important;\n\t\t\t\t\tcolor: var(--color1)!important;\n\t\t\t\t\tfont-weight: 600;\n\t\t\t\t\tpadding: 10px 100px!important;\n\t\t\t\t\tborder: none;\n\t\t\t\t\tmargin: 10px auto 0 auto;\n\t\t\t\t\tborder-radius: var(--border-radius-micro);\n\t\t\t\t\twidth: fit-content;\n\t\t\t\t}\n\n\t\t\t\t#contact_form-block_75b8ec87adf07cf4bc4aa00569a858a0 .contact_form--form input[type='submit']:hover {\n\t\t\t\t\tbackground: var(--color1);\n\t\t\t\t}\n\n\t\t\t\t#contact_form-block_75b8ec87adf07cf4bc4aa00569a858a0 .contact_form--form .wpcf7-not-valid-tip {\n\t\t\t\t\tbackground-color: #ff0000;\n\t\t\t\t\tcolor: var(--color-neutral-100);\n\t\t\t\t\tpadding: 5px!important;\n\t\t\t\t\tmargin-top: 5px;\n\t\t\t\t\tmargin-bottom: 20px;\n\t\t\t\t}\n\n\t\t\t\t#contact_form-block_75b8ec87adf07cf4bc4aa00569a858a0 .wpcf7-response-output {\n\t\t\t\t\tmargin-top: 0;\n\t\t\t\t\tfont-size: 1.15rem;\n\t\t\t\t\tfont-weight: bold;\n\t\t\t\t\tmargin-bottom: 15px;\n\t\t\t\t}\n\n\t\t\t\t#contact_form-block_75b8ec87adf07cf4bc4aa00569a858a0 .wpcf7-form[data-status=\"sent\"] .wpcf7-response-output {\n\t\t\t\t\tcolor: #08a504;\n\t\t\t\t\tborder-color: #08a504;\n\t\t\t\t}\n\n\t\t\t\t#contact_form-block_75b8ec87adf07cf4bc4aa00569a858a0 .wpcf7-form[data-status=\"invalid\"] .wpcf7-response-output {\n\t\t\t\t\tborder-color: #d40e14;\n\t\t\t\t\tcolor: #d40e14;\n\t\t\t\t}\n\n\t\t\t\t#contact_form-block_75b8ec87adf07cf4bc4aa00569a858a0 .contact_form--form .wpcf7-not-valid {\n\t\t\t\t\tmargin-bottom: 0!important;\n\t\t\t\t}\n\n\t\t\t\t#contact_form-block_75b8ec87adf07cf4bc4aa00569a858a0 .contact_form--form .wpcf7-acceptance {\n\t\t\t\t\tdisplay: block;\n\t\t\t\t\tmargin-bottom: 20px;\n\t\t\t\t}\n\n\t\t\t\t#contact_form-block_75b8ec87adf07cf4bc4aa00569a858a0 .contact_form--form .wpcf7-acceptance .wpcf7-list-item {\n\t\t\t\t\tmargin-left: 0;\n\t\t\t\t\tmargin-bottom: 20px;\n\t\t\t\t\tfont-size: .8125rem;\n\t\t\t\t\tline-height: 1rem;\n\t\t\t\t}\n\n\t\t\t\t#contact_form-block_75b8ec87adf07cf4bc4aa00569a858a0 .contact_form--form .wpcf7-acceptance .wpcf7-list-item a {\n\t\t\t\t\tcolor: var(--color-neutral-100)!important;\n\t\t\t\t\ttext-decoration: underline!important;\n\t\t\t\t}\n\n\t\t\t\t#contact_form-block_75b8ec87adf07cf4bc4aa00569a858a0 .contact_form--form .wpcf7-acceptance label {\n\t\t\t\t\tdisplay: flex;\n\t\t\t\t\tflex-direction: row;\n\t\t\t\t\tflex-wrap: nowrap;\n\t\t\t\t\talign-items: flex-start;\n\t\t\t\t\tgap: 10px;\n\t\t\t\t}\n\n\t\t\t\t#contact_form-block_75b8ec87adf07cf4bc4aa00569a858a0 .contact_form--form .wpcf7-acceptance label input {\n\t\t\t\t\ttransform: scale(1.2);\n\t\t\t\t\tmargin-top: 5px;\n\t\t\t\t\twidth: fit-content;\n\t\t\t\t}\n\n\t\t\t\t#contact_form-block_75b8ec87adf07cf4bc4aa00569a858a0 .contact_form--form.bg_light input:not(input[type='submit']):not(input[type='checkbox']), #contact_form-block_75b8ec87adf07cf4bc4aa00569a858a0 .contact_form--form.bg_light textarea, #contact_form-block_75b8ec87adf07cf4bc4aa00569a858a0 .contact_form--form.bg_light select {\n\t\t\t\t\tborder-color: rgba(0, 0, 0, .5);\n\t\t\t\t}\n\n\t\t\t\t@media only screen and (min-width: 991px) {\n\t\t\t\t\t#contact_form-block_75b8ec87adf07cf4bc4aa00569a858a0 .col-first .wpcf7-form-control-wrap {\n\t\t\t\t\t\tdisplay: block;\n\t\t\t\t\t\tmargin-bottom: 30px;\n\t\t\t\t\t}\n\t\t\t\t}\n\t\t\t\n\t\t\t@media only screen and (max-width: 990px) {\n\t\t\t\t#contact_form-block_75b8ec87adf07cf4bc4aa00569a858a0 .contact_form--header {\n\t\t\t\t\ttext-align: center;\n\t\t\t\t}\n\n\t\t\t\t#contact_form-block_75b8ec87adf07cf4bc4aa00569a858a0 .contact_form--form .contact_form--form_header {\n\t\t\t\t\tmargin-top: 20px;\n\t\t\t\t}\n\n\t\t\t\t#contact_form-block_75b8ec87adf07cf4bc4aa00569a858a0 .contact_form--form input[type='submit'] {\n\t\t\t\t\tpadding: 10px 60px!important;\n\t\t\t\t}\n\t\t\t}\n\t\t<\/style>\n\t<\/div>\n<\/div>\n<\/div>\n\n\n\n<div class=\"wp-block-column is-vertically-aligned-top contact-block mb-0 is-layout-flow wp-block-column-is-layout-flow\">\n<p class=\"h5\"><strong>EndoFund S.A.<\/strong><\/p>\n\n\n\n<div class=\"wp-block-group contact-block--address\"><div class=\"wp-block-group__inner-container is-layout-constrained wp-block-group-is-layout-constrained\">\n<p>ul. Piotrkowska 46\/8U<\/p>\n\n\n\n<p>90-265 \u0141\u00f3d\u017a, Polska<\/p>\n<\/div><\/div>\n\n\n\n<div class=\"wp-block-group contact-block--nip\"><div class=\"wp-block-group__inner-container is-layout-constrained wp-block-group-is-layout-constrained\">\n<p>NIP:<strong>&nbsp;<\/strong>7272844135<\/p>\n\n\n\n<p>REGON:<strong>&nbsp;<\/strong>386662130<\/p>\n<\/div><\/div>\n\n\n\n<div class=\"wp-block-group contact-block--office\"><div class=\"wp-block-group__inner-container is-layout-constrained wp-block-group-is-layout-constrained\">\n<p class=\"link link-email\"><a href=\"mailto:kontakt@endofund.pl\" rel=\"nofollow\">kontakt@endofund.pl<\/a><\/p>\n<\/div><\/div>\n\n\n\n<div class=\"wp-block-group contact-block--person\"><div class=\"wp-block-group__inner-container is-layout-constrained wp-block-group-is-layout-constrained\">\n<p><strong>Ewa Szczegielniak<\/strong><\/p>\n\n\n\n<p>Investor Relations Director<\/p>\n\n\n\n<p class=\"link link-email\"><a href=\"mailto:ewa.szczegielniak@endofund.pl\">ewa.szczegielniak@endofund.pl<\/a><\/p>\n\n\n\n<p class=\"link link-phone\"><a href=\"tel:+48696711070\">+48 696 711 070<\/a><\/p>\n<\/div><\/div>\n\n\n\n<div class=\"wp-block-group contact-block--person\"><div class=\"wp-block-group__inner-container is-layout-constrained wp-block-group-is-layout-constrained\">\n<p><strong>Piotr Cioch<\/strong><\/p>\n\n\n\n<p>CEO \u2013 EndoFund S.A.<\/p>\n\n\n\n<p class=\"link link-email\"><a href=\"mailto:piotr.cioch@endofund.pl\">piotr.cioch@endofund.pl<\/a><\/p>\n\n\n\n<p class=\"link link-phone\"><a href=\"tel:+48605820378\">+48 605 820 378<\/a><\/p>\n<\/div><\/div>\n\n\n\n<div class=\"wp-block-group contact-block--person\"><div class=\"wp-block-group__inner-container is-layout-constrained wp-block-group-is-layout-constrained\">\n<p><strong>Micha\u0142 Gajewski<\/strong><\/p>\n\n\n\n<p>COO \/ Proxy (Prokurent)<\/p>\n\n\n\n<p class=\"link link-email\"><a href=\"mailto:michal.gajewski@endofund.pl\">michal.gajewski@endofund.pl<\/a><\/p>\n\n\n\n<p class=\"link link-phone\"><a href=\"tel:+48789261742\">+48 789 261 742<\/a><\/p>\n<\/div><\/div>\n<\/div>\n<\/div>\n<\/div><\/div>\n","protected":false},"excerpt":{"rendered":"<p>Contact us to discuss cooperation and investment details EndoFund S.A. ul. Piotrkowska 46\/8U 90-265 \u0141\u00f3d\u017a, Polska NIP:&nbsp;7272844135 REGON:&nbsp;386662130 kontakt@endofund.pl&hellip; <\/p>\n<p><a class=\"btn btn-accent\" href=\"https:\/\/endofund.pl\/en\/contact-us\/\">Read More&#8230;<\/a><\/p>\n","protected":false},"author":4,"featured_media":0,"parent":0,"menu_order":0,"comment_status":"closed","ping_status":"closed","template":"page-templates\/fullwidthpage.php","meta":{"_acf_changed":false,"inline_featured_image":false,"footnotes":""},"class_list":["post-8812","page","type-page","status-publish","hentry"],"acf":[],"_links":{"self":[{"href":"https:\/\/endofund.pl\/en\/wp-json\/wp\/v2\/pages\/8812","targetHints":{"allow":["GET"]}}],"collection":[{"href":"https:\/\/endofund.pl\/en\/wp-json\/wp\/v2\/pages"}],"about":[{"href":"https:\/\/endofund.pl\/en\/wp-json\/wp\/v2\/types\/page"}],"author":[{"embeddable":true,"href":"https:\/\/endofund.pl\/en\/wp-json\/wp\/v2\/users\/4"}],"replies":[{"embeddable":true,"href":"https:\/\/endofund.pl\/en\/wp-json\/wp\/v2\/comments?post=8812"}],"version-history":[{"count":5,"href":"https:\/\/endofund.pl\/en\/wp-json\/wp\/v2\/pages\/8812\/revisions"}],"predecessor-version":[{"id":8818,"href":"https:\/\/endofund.pl\/en\/wp-json\/wp\/v2\/pages\/8812\/revisions\/8818"}],"wp:attachment":[{"href":"https:\/\/endofund.pl\/en\/wp-json\/wp\/v2\/media?parent=8812"}],"curies":[{"name":"wp","href":"https:\/\/api.w.org\/{rel}","templated":true}]}}